{"id":34,"date":"2025-01-06T14:02:47","date_gmt":"2025-01-06T12:02:47","guid":{"rendered":"https:\/\/kodesolution.com\/2022\/fesho\/?page_id=34"},"modified":"2025-11-12T10:57:59","modified_gmt":"2025-11-12T08:57:59","slug":"contact-us","status":"publish","type":"page","link":"https:\/\/kasubaite.com\/lt\/contact-us\/","title":{"rendered":"Kontaktai"},"content":{"rendered":"<div data-elementor-type=\"wp-page\" data-elementor-id=\"34\" class=\"elementor elementor-34\" data-elementor-post-type=\"page\">\n\t\t\t\t<div class=\"elementor-element elementor-element-f1cd728 e-flex e-con-boxed tm-col-stretched-none tm-bg-color-over-image e-con e-parent\" data-id=\"f1cd728\" data-element_type=\"container\">\n\t\t\t\t\t<div class=\"e-con-inner\">\n\t\t<div class=\"elementor-element elementor-element-72834a2 e-con-full e-flex tm-col-stretched-none tm-bg-color-over-image e-con e-child\" data-id=\"72834a2\" data-element_type=\"container\">\n\t\t<div class=\"elementor-element elementor-element-8f3b2ac e-con-full e-flex tm-col-stretched-none tm-bg-color-over-image e-con e-child\" data-id=\"8f3b2ac\" data-element_type=\"container\">\n\t\t<div class=\"elementor-element elementor-element-cf2693c tm-col-stretched-none e-con-full e-flex tm-bg-color-over-image e-con e-child\" data-id=\"cf2693c\" data-element_type=\"container\" data-settings=\"{&quot;background_background&quot;:&quot;classic&quot;}\">\n\t\t\t\t<div class=\"elementor-element elementor-element-ebffc07 horizontal-line-align-left vertical-line-align-bottom elementor-widget elementor-widget-tm-ele-section-title\" data-id=\"ebffc07\" data-element_type=\"widget\" data-widget_type=\"tm-ele-section-title.default\">\n\t\t\t\t<div class=\"elementor-widget-container\">\n\t\t\t\t\t<div class=\"tm-sc-section-title section-title\">\r\n\t<div class=\"title-wrapper\">\r\n\t\t\t\t\r\n\r\n<div class=\"sub-title-outer\">\r\n\t\t<div class=\"subtitle\">\r\n\r\n\t\t\r\n\t\tKONTAKTIN\u0116 FORMA\t<\/div>\r\n\t<\/div>\t\t\t<h3 class=\"title\">\r\n\r\n\t\t\r\n\t\t\t\t<span class=\"title-part1\">Si\u0173sti \u017einut\u0119<\/span>\r\n\t\t\t\t\r\n\t\t\r\n\t<\/h3>\r\n\t<div class=\"title-seperator-line\"><\/div>\t\t\t\t\t\t<\/div>\r\n<\/div>\t\t\t\t<\/div>\n\t\t\t\t<\/div>\n\t\t\t\t<div class=\"elementor-element elementor-element-d97a54a elementor-button-align-stretch elementor-widget elementor-widget-form\" data-id=\"d97a54a\" data-element_type=\"widget\" data-settings=\"{&quot;step_next_label&quot;:&quot;Next&quot;,&quot;step_previous_label&quot;:&quot;Previous&quot;,&quot;button_width&quot;:&quot;100&quot;,&quot;step_type&quot;:&quot;number_text&quot;,&quot;step_icon_shape&quot;:&quot;circle&quot;}\" data-widget_type=\"form.default\">\n\t\t\t\t<div class=\"elementor-widget-container\">\n\t\t\t\t\t\t\t<form class=\"elementor-form\" method=\"post\" name=\"New Form\" action=\"\">\n\t\t\t<input type=\"hidden\" name=\"post_id\" value=\"34\"\/>\n\t\t\t<input type=\"hidden\" name=\"form_id\" value=\"d97a54a\"\/>\n\t\t\t<input type=\"hidden\" name=\"referer_title\" value=\"Contact Us\" \/>\n\n\t\t\t\t\t\t\t<input type=\"hidden\" name=\"queried_id\" value=\"34\"\/>\n\t\t\t\n\t\t\t<div class=\"elementor-form-fields-wrapper elementor-labels-\">\n\t\t\t\t\t\t\t\t<div class=\"elementor-field-type-text elementor-field-group elementor-column elementor-field-group-name elementor-col-100\">\n\t\t\t\t\t\t\t\t\t\t\t\t<label for=\"form-field-name\" class=\"elementor-field-label elementor-screen-only\">\n\t\t\t\t\t\t\t\tVardas\t\t\t\t\t\t\t<\/label>\n\t\t\t\t\t\t\t\t\t\t\t\t\t\t<input size=\"1\" type=\"text\" name=\"form_fields[name]\" id=\"form-field-name\" class=\"elementor-field elementor-size-lg  elementor-field-textual\" placeholder=\"Vardas\">\n\t\t\t\t\t\t\t\t\t\t\t<\/div>\n\t\t\t\t\t\t\t\t<div class=\"elementor-field-type-email elementor-field-group elementor-column elementor-field-group-email elementor-col-100 elementor-field-required\">\n\t\t\t\t\t\t\t\t\t\t\t\t<label for=\"form-field-email\" class=\"elementor-field-label elementor-screen-only\">\n\t\t\t\t\t\t\t\tEl. pa\u0161tas\t\t\t\t\t\t\t<\/label>\n\t\t\t\t\t\t\t\t\t\t\t\t\t\t<input size=\"1\" type=\"email\" name=\"form_fields[email]\" id=\"form-field-email\" class=\"elementor-field elementor-size-lg  elementor-field-textual\" placeholder=\"El. pa\u0161tas\" required=\"required\" aria-required=\"true\">\n\t\t\t\t\t\t\t\t\t\t\t<\/div>\n\t\t\t\t\t\t\t\t<div class=\"elementor-field-type-textarea elementor-field-group elementor-column elementor-field-group-message elementor-col-100\">\n\t\t\t\t\t\t\t\t\t\t\t\t<label for=\"form-field-message\" class=\"elementor-field-label elementor-screen-only\">\n\t\t\t\t\t\t\t\t\u017dinut\u0117\t\t\t\t\t\t\t<\/label>\n\t\t\t\t\t\t<textarea class=\"elementor-field-textual elementor-field  elementor-size-lg\" name=\"form_fields[message]\" id=\"form-field-message\" rows=\"4\" placeholder=\"\u017dinut\u0117\"><\/textarea>\t\t\t\t<\/div>\n\t\t\t\t\t\t\t\t<div class=\"elementor-field-type-recaptcha_v3 elementor-field-group elementor-column elementor-field-group-recaptcha elementor-col-100 recaptcha_v3-inline\">\n\t\t\t\t\t<div class=\"elementor-field\" id=\"form-field-recaptcha\"><div class=\"elementor-g-recaptcha\" data-sitekey=\"6LcNDAosAAAAAJDz81NT0rWyyqg3kdHs1_VHihnL\" data-type=\"v3\" data-action=\"Form\" data-badge=\"inline\" data-size=\"invisible\"><\/div><\/div>\t\t\t\t<\/div>\n\t\t\t\t\t\t\t\t<div class=\"elementor-field-group elementor-column elementor-field-type-submit elementor-col-100 e-form__buttons\">\n\t\t\t\t\t<button class=\"elementor-button elementor-size-lg\" type=\"submit\">\n\t\t\t\t\t\t<span class=\"elementor-button-content-wrapper\">\n\t\t\t\t\t\t\t\t\t\t\t\t\t\t\t\t\t\t\t\t\t\t<span class=\"elementor-button-text\">Si\u0173sti<\/span>\n\t\t\t\t\t\t\t\t\t\t\t\t\t<\/span>\n\t\t\t\t\t<\/button>\n\t\t\t\t<\/div>\n\t\t\t<\/div>\n\t\t<input type=\"hidden\" name=\"trp-form-language\" value=\"lt\"\/><\/form>\n\t\t\t\t\t\t<\/div>\n\t\t\t\t<\/div>\n\t\t\t\t<\/div>\n\t\t\t\t<\/div>\n\t\t<div class=\"elementor-element elementor-element-64a691c e-con-full e-flex tm-col-stretched-none tm-bg-color-over-image e-con e-child\" data-id=\"64a691c\" data-element_type=\"container\">\n\t\t\t\t<div class=\"elementor-element elementor-element-c65fa16 horizontal-line-align-left vertical-line-align-bottom elementor-widget elementor-widget-tm-ele-section-title\" data-id=\"c65fa16\" data-element_type=\"widget\" data-widget_type=\"tm-ele-section-title.default\">\n\t\t\t\t<div class=\"elementor-widget-container\">\n\t\t\t\t\t<div class=\"tm-sc-section-title section-title\">\r\n\t<div class=\"title-wrapper\">\r\n\t\t\t\t\r\n\r\n<div class=\"sub-title-outer\">\r\n\t\t<div class=\"subtitle\">\r\n\r\n\t\t\r\n\t\tREIKIA PAGALBOS?\t<\/div>\r\n\t<\/div>\t\t\t<h3 class=\"title\">\r\n\r\n\t\t\r\n\t\t\t\t<span class=\"title-part1\">Susisiekite su mumis<\/span>\r\n\t\t\t\t\r\n\t\t\r\n\t<\/h3>\r\n\t<div class=\"title-seperator-line\"><\/div>\t\t\t\t\t\t<\/div>\r\n<\/div>\t\t\t\t<\/div>\n\t\t\t\t<\/div>\n\t\t\t\t<div class=\"elementor-element elementor-element-0393b18 elementor-widget elementor-widget-tm-ele-iconbox\" data-id=\"0393b18\" data-element_type=\"widget\" data-widget_type=\"tm-ele-iconbox.default\">\n\t\t\t\t<div class=\"elementor-widget-container\">\n\t\t\t\t\t<div class=\"tm-sc-icon-box icon-box icon-left font-icon icon-default icon-left\">\r\n\t\r\n  \t<div class=\"icon-box-wrapper\">\r\n\t\t\r\n\t\t<div class=\"icon-wrapper\">\r\n\t\t<div class=\"icon icon-rounded icon-type-font-icon icon-md\">\r\n\t\t\t<i aria-hidden=\"true\" class=\"flaticon-common-call-1\"><\/i>\t\t<\/div>\r\n\r\n\t\t\t<\/div>\r\n\t\t\t<div class=\"icon-text\">\r\n\t\t\t\t\t\t\r\n\t\t\t\t<h5 class=\"icon-box-title\">\r\n\t\t\t\t\t\t\t\"WhatsApp\", \"Viber\" Lietuva\t\t\t\t\t<\/h5>\r\n\t\t\t\t\t<div class=\"content\"><p><a href=\"tel:+37069817402\">+370 698 17 402<\/a><\/p><\/div>\r\n\t\t\t\r\n\t\t\t\r\n\t\r\n\t\t\t\t\t<\/div>\r\n\t\t<div class=\"clearfix\"><\/div>\r\n\t<\/div>\r\n<\/div>\t\t\t\t<\/div>\n\t\t\t\t<\/div>\n\t\t\t\t<div class=\"elementor-element elementor-element-b4aa1a6 elementor-widget elementor-widget-tm-ele-iconbox\" data-id=\"b4aa1a6\" data-element_type=\"widget\" data-widget_type=\"tm-ele-iconbox.default\">\n\t\t\t\t<div class=\"elementor-widget-container\">\n\t\t\t\t\t<div class=\"tm-sc-icon-box icon-box icon-left font-icon icon-default icon-left\">\r\n\t\r\n  \t<div class=\"icon-box-wrapper\">\r\n\t\t\r\n\t\t<div class=\"icon-wrapper\">\r\n\t\t<div class=\"icon icon-rounded icon-type-font-icon icon-md\">\r\n\t\t\t<i aria-hidden=\"true\" class=\"flaticon-common-phone-handset\"><\/i>\t\t<\/div>\r\n\r\n\t\t\t<\/div>\r\n\t\t\t<div class=\"icon-text\">\r\n\t\t\t\t\t\t\r\n\t\t\t\t<h5 class=\"icon-box-title\">\r\n\t\t\t\t\t\t\tTelefono numeris Vokietijoje\t\t\t\t\t<\/h5>\r\n\t\t\t\t\t<div class=\"content\"><p>+49 173 1649377<\/p><\/div>\r\n\t\t\t\r\n\t\t\t\r\n\t\r\n\t\t\t\t\t<\/div>\r\n\t\t<div class=\"clearfix\"><\/div>\r\n\t<\/div>\r\n<\/div>\t\t\t\t<\/div>\n\t\t\t\t<\/div>\n\t\t\t\t<div class=\"elementor-element elementor-element-87be3b0 elementor-widget elementor-widget-tm-ele-iconbox\" data-id=\"87be3b0\" data-element_type=\"widget\" data-widget_type=\"tm-ele-iconbox.default\">\n\t\t\t\t<div class=\"elementor-widget-container\">\n\t\t\t\t\t<div class=\"tm-sc-icon-box icon-box icon-left font-icon icon-default icon-left\">\r\n\t\r\n  \t<div class=\"icon-box-wrapper\">\r\n\t\t\r\n\t\t<div class=\"icon-wrapper\">\r\n\t\t<div class=\"icon icon-rounded icon-type-font-icon icon-md\">\r\n\t\t\t<i aria-hidden=\"true\" class=\"flaticon-common-email-1\"><\/i>\t\t<\/div>\r\n\r\n\t\t\t<\/div>\r\n\t\t\t<div class=\"icon-text\">\r\n\t\t\t\t\t\t\r\n\t\t\t\t<h5 class=\"icon-box-title\">\r\n\t\t\t\t\t\t\tRa\u0161ykite el. lai\u0161k\u0105\t\t\t\t\t<\/h5>\r\n\t\t\t\t\t<div class=\"content\"><p>rutamike@gmail.com<\/p><\/div>\r\n\t\t\t\r\n\t\t\t\r\n\t\r\n\t\t\t\t\t<\/div>\r\n\t\t<div class=\"clearfix\"><\/div>\r\n\t<\/div>\r\n<\/div>\t\t\t\t<\/div>\n\t\t\t\t<\/div>\n\t\t\t\t<\/div>\n\t\t\t\t<\/div>\n\t\t\t\t\t<\/div>\n\t\t\t\t<\/div>\n\t\t\t\t<\/div>","protected":false},"excerpt":{"rendered":"<p>CONTACT FORM Send a Message NEED ANY HELP? Get in touch with us WhatsApp, Viber Lithuania +370 698 17 402&#8230;<\/p>","protected":false},"author":1,"featured_media":0,"parent":0,"menu_order":0,"comment_status":"closed","ping_status":"closed","template":"","meta":{"footnotes":""},"class_list":["post-34","page","type-page","status-publish","hentry"],"_links":{"self":[{"href":"https:\/\/kasubaite.com\/lt\/wp-json\/wp\/v2\/pages\/34","targetHints":{"allow":["GET"]}}],"collection":[{"href":"https:\/\/kasubaite.com\/lt\/wp-json\/wp\/v2\/pages"}],"about":[{"href":"https:\/\/kasubaite.com\/lt\/wp-json\/wp\/v2\/types\/page"}],"author":[{"embeddable":true,"href":"https:\/\/kasubaite.com\/lt\/wp-json\/wp\/v2\/users\/1"}],"replies":[{"embeddable":true,"href":"https:\/\/kasubaite.com\/lt\/wp-json\/wp\/v2\/comments?post=34"}],"version-history":[{"count":48,"href":"https:\/\/kasubaite.com\/lt\/wp-json\/wp\/v2\/pages\/34\/revisions"}],"predecessor-version":[{"id":116216,"href":"https:\/\/kasubaite.com\/lt\/wp-json\/wp\/v2\/pages\/34\/revisions\/116216"}],"wp:attachment":[{"href":"https:\/\/kasubaite.com\/lt\/wp-json\/wp\/v2\/media?parent=34"}],"curies":[{"name":"wp","href":"https:\/\/api.w.org\/{rel}","templated":true}]}}