{"id":10784,"date":"2025-01-04T23:31:31","date_gmt":"2025-01-04T23:31:31","guid":{"rendered":"https:\/\/kodesolution.com\/2022\/orgonic\/?page_id=10784"},"modified":"2026-01-02T15:13:51","modified_gmt":"2026-01-02T13:13:51","slug":"about-us","status":"publish","type":"page","link":"https:\/\/kasubaite.com\/lt\/about-us\/","title":{"rendered":"Apie mus"},"content":{"rendered":"<div data-elementor-type=\"wp-page\" data-elementor-id=\"10784\" class=\"elementor elementor-10784\" data-elementor-post-type=\"page\">\n\t\t\t\t<div class=\"elementor-element elementor-element-e5b2f61 e-flex e-con-boxed tm-col-stretched-none tm-bg-color-over-image e-con e-parent\" data-id=\"e5b2f61\" data-element_type=\"container\">\n\t\t\t\t\t<div class=\"e-con-inner\">\n\t\t<div class=\"elementor-element elementor-element-51dbfe5 e-con-full e-flex tm-col-stretched-none tm-bg-color-over-image e-con e-child\" data-id=\"51dbfe5\" data-element_type=\"container\">\n\t\t<div class=\"elementor-element elementor-element-531799c e-con-full e-flex tm-col-stretched-none tm-bg-color-over-image e-con e-child\" data-id=\"531799c\" data-element_type=\"container\">\n\t\t<div class=\"elementor-element elementor-element-17be2c2 e-con-full e-flex tm-col-stretched-none tm-bg-color-over-image e-con e-child\" data-id=\"17be2c2\" data-element_type=\"container\">\n\t\t\t\t<div class=\"elementor-element elementor-element-49fdbe1 elementor-widget elementor-widget-tm-ele-animated-layers\" data-id=\"49fdbe1\" data-element_type=\"widget\" data-widget_type=\"tm-ele-animated-layers.default\">\n\t\t\t\t<div class=\"elementor-widget-container\">\n\t\t\t\t\t\t\t<div class=\"tm-sc-animated-layer-advanced\">\r\n\t\t\t<div class=\"animated-layer-advanced-inner clearfix\">\r\n\t\r\n<div class=\"layer-image-wrapper layer-image  layer-image-fullwidth elementor-repeater-item-c72f47a\" style=\"\">\r\n\t<div class=\"layer-inner layer-image\">\r\n\t\t<div class=\"layer-image-inner-wrapper image-hover-effect-shine\">\r\n\t\t\t\t\t<img fetchpriority=\"high\" decoding=\"async\" class=\"\" src=\"https:\/\/kasubaite.com\/wp-content\/uploads\/2025\/01\/DSC_4071-1-550x1100.jpg\" width=\"550\" height=\"1100\" alt=\"\">\r\n\t\t<\/div>\r\n\t<\/div>\r\n<\/div>\r\n\t\t\t<\/div>\r\n\t\t\t<div class=\"clearfix\"><\/div>\r\n\t\t<\/div>\r\n\t\t\t\t\t<\/div>\n\t\t\t\t<\/div>\n\t\t\t\t<\/div>\n\t\t<div class=\"elementor-element elementor-element-f16c295 e-con-full tm-col-stretched-none elementor-hidden-mobile e-flex tm-bg-color-over-image e-con e-child\" data-id=\"f16c295\" data-element_type=\"container\">\n\t\t\t\t<div class=\"elementor-element elementor-element-457e7ff elementor-widget elementor-widget-tm-ele-animated-layers\" data-id=\"457e7ff\" data-element_type=\"widget\" data-widget_type=\"tm-ele-animated-layers.default\">\n\t\t\t\t<div class=\"elementor-widget-container\">\n\t\t\t\t\t\t\t<div class=\"tm-sc-animated-layer-advanced\">\r\n\t\t\t<div class=\"animated-layer-advanced-inner clearfix\">\r\n\t\r\n<div class=\"layer-image-wrapper layer-image  layer-image-fullwidth elementor-repeater-item-c72f47a\" style=\"\">\r\n\t<div class=\"layer-inner layer-image\">\r\n\t\t<div class=\"layer-image-inner-wrapper image-hover-effect-shine\">\r\n\t\t\t\t\t<img decoding=\"async\" class=\"\" src=\"https:\/\/kasubaite.com\/wp-content\/uploads\/2025\/01\/IMG_1090-1-400x532.jpeg\" width=\"400\" height=\"532\" alt=\"\">\r\n\t\t<\/div>\r\n\t<\/div>\r\n<\/div>\r\n\t\t\t<\/div>\r\n\t\t\t<div class=\"clearfix\"><\/div>\r\n\t\t<\/div>\r\n\t\t\t\t\t<\/div>\n\t\t\t\t<\/div>\n\t\t\t\t<div class=\"elementor-element elementor-element-e5614ca elementor-widget elementor-widget-tm-ele-animated-layers\" data-id=\"e5614ca\" data-element_type=\"widget\" data-widget_type=\"tm-ele-animated-layers.default\">\n\t\t\t\t<div class=\"elementor-widget-container\">\n\t\t\t\t\t\t\t<div class=\"tm-sc-animated-layer-advanced\">\r\n\t\t\t<div class=\"animated-layer-advanced-inner clearfix\">\r\n\t\r\n<div class=\"layer-image-wrapper layer-image  layer-image-fullwidth elementor-repeater-item-c72f47a\" style=\"\">\r\n\t<div class=\"layer-inner layer-image\">\r\n\t\t<div class=\"layer-image-inner-wrapper image-hover-effect-shine\">\r\n\t\t\t\t\t<img decoding=\"async\" class=\"\" src=\"https:\/\/kasubaite.com\/wp-content\/uploads\/2025\/01\/IMG_5483-1-1100x1100.jpeg\" width=\"1100\" height=\"1100\" alt=\"\">\r\n\t\t<\/div>\r\n\t<\/div>\r\n<\/div>\r\n\t\t\t<\/div>\r\n\t\t\t<div class=\"clearfix\"><\/div>\r\n\t\t<\/div>\r\n\t\t\t\t\t<\/div>\n\t\t\t\t<\/div>\n\t\t\t\t<\/div>\n\t\t\t\t<\/div>\n\t\t<div class=\"elementor-element elementor-element-4d8c65d e-con-full tm-col-stretched-none e-flex tm-bg-color-over-image e-con e-child\" data-id=\"4d8c65d\" data-element_type=\"container\">\n\t\t\t\t<div class=\"elementor-element elementor-element-ad16700 horizontal-line-align-left vertical-line-align-bottom elementor-widget elementor-widget-tm-ele-section-title\" data-id=\"ad16700\" data-element_type=\"widget\" data-widget_type=\"tm-ele-section-title.default\">\n\t\t\t\t<div class=\"elementor-widget-container\">\n\t\t\t\t\t<div class=\"tm-sc-section-title section-title line-right-current-theme\">\r\n\t<div class=\"title-wrapper\">\r\n\t\t\t\t\r\n\r\n<div class=\"sub-title-outer\">\r\n\t\t<div class=\"subtitle\">\r\n\r\n\t\t\r\n\t\tApie mus \t<\/div>\r\n\t<\/div>\t\t\t<h2 class=\"title tm-split-text split-in-right\">\r\n\r\n\t\t\r\n\t\t\t\t<span class=\"title-part1\">Apie Kl\u0117ja &amp; Kaja<\/span>\r\n\t\t\t\t\r\n\t\t\r\n\t<\/h2>\r\n\t<div class=\"title-seperator-line\"><\/div>\t\t\t\t\t\t<\/div>\r\n<\/div>\t\t\t\t<\/div>\n\t\t\t\t<\/div>\n\t\t\t\t<div class=\"elementor-element elementor-element-bacf503 elementor-widget elementor-widget-tm-ele-iconbox\" data-id=\"bacf503\" data-element_type=\"widget\" data-widget_type=\"tm-ele-iconbox.default\">\n\t\t\t\t<div class=\"elementor-widget-container\">\n\t\t\t\t\t<div class=\"tm-sc-icon-box icon-box icon-left font-icon icon-default icon-left\">\r\n\t\r\n  \t<div class=\"icon-box-wrapper\">\r\n\t\t\r\n\t\t<div class=\"icon-wrapper\">\r\n\t\t<div class=\"icon icon-round icon-type-font-icon icon-md\">\r\n\t\t\t<i aria-hidden=\"true\" class=\"flaticon-common-right-quote\"><\/i>\t\t<\/div>\r\n\r\n\t\t\t<\/div>\r\n\t\t\t<div class=\"icon-text\">\r\n\t\t\t\t\t\t\r\n\t\t\t\t<h5 class=\"icon-box-title\">\r\n\t\t\t\t\t\t\tMeil\u0117 muzikai - klasikinei, romantinei ir \u0161iuolaikinei. <br>\nJaunyst\u0117 ir gro\u017eis. <br>\nSiekiame ne\u012fmanomo...\t\t\t\t\t<\/h5>\r\n\t\t\t\t\t<div class=\"content\"><\/div>\r\n\t\t\t\r\n\t\t\t\r\n\t\r\n\t\t\t\t\t<\/div>\r\n\t\t<div class=\"clearfix\"><\/div>\r\n\t<\/div>\r\n<\/div>\t\t\t\t<\/div>\n\t\t\t\t<\/div>\n\t\t\t\t<div class=\"elementor-element elementor-element-fe09a3d elementor-widget elementor-widget-tm-ele-text-editor\" data-id=\"fe09a3d\" data-element_type=\"widget\" data-widget_type=\"tm-ele-text-editor.default\">\n\t\t\t\t<div class=\"elementor-widget-container\">\n\t\t\t\t\t\t\t<div class=\"tm-text-editor\">\r\n\t\t<p><em>Seserys KL\u0116JA ir KAJA KA\u0160UBAIT\u0116S (fortepijonas solo ir fortepijoninis duetas) - jauniausios lietuvait\u0117s, kurios 2023 m. gruod\u012f, b\u016bdamos 13 ir 14 met\u0173, debiutavo Berlyno filharmonijoje, 2024 m. gegu\u017e\u0119 - Berlyno \"Konzerthaus\", o 2024 m. gruod\u012f - garsiojoje Niujorko \"Carnegie Hall\" sal\u0117je.<\/em><\/p>\t\t<\/div>\r\n\t\t\t\t\t<\/div>\n\t\t\t\t<\/div>\n\t\t\t\t<\/div>\n\t\t\t\t<\/div>\n\t\t\t\t\t<\/div>\n\t\t\t\t<\/div>\n\t\t<div class=\"elementor-element elementor-element-b745033 e-flex e-con-boxed tm-col-stretched-none tm-bg-color-over-image e-con e-parent\" data-id=\"b745033\" data-element_type=\"container\">\n\t\t\t\t\t<div class=\"e-con-inner\">\n\t\t\t\t<div class=\"elementor-element elementor-element-1529909 elementor-widget elementor-widget-tm-ele-text-editor\" data-id=\"1529909\" data-element_type=\"widget\" data-widget_type=\"tm-ele-text-editor.default\">\n\t\t\t\t<div class=\"elementor-widget-container\">\n\t\t\t\t\t\t\t<div class=\"tm-text-editor\">\r\n\t\t<p>Nuo 2022 m. rugpj\u016b\u010dio m\u0117n. jie gyvena Berlyne, Vokietijoje, mokosi Metropolitan International School ir kaip jaunieji studentai Berlyno men\u0173 universitete (UdK)\/Julius Stern Institute pas profesori\u0173 Markus Groh ir profesor\u0119 Sabine Simon. Po s\u0117kmingo pasirodymo pagrindiniame Vokietijos jaunimo muzikos konkurse \"Jugend musiziert\" juos pripa\u017eino ir par\u0117m\u0117 Berlyno Rotary klubas \"Luftbr\u00fcke\", Vokietijos fondas \"Musikleben\" (Hamburgas). Du kartus, 2024 ir 2025 m., jie tapo \u0161io fondo Carl-Heinz-Illies stipendininkais. Jie yra gav\u0119 \"Steinway &amp; Sons\", \"Bechstein\" ir \"Yamaha\" priz\u0173. Vokietijos nacionalin\u0117s muzikos tarybos (Landesmusikrat) kvietimu jie grojo Berlyno parlamente. 2023 m. jie tapo Yehudi Menuhino fondo \"LIVE MUSIC NOW\" stipendininkais penkeriems metams. 2024 m. lapkrit\u012f jie tapo Tarptautin\u0117s muzikos akademijos Berlyne studentais. J\u0173 glob\u0117jai \u0161ioje akademijoje yra: PIANO DUO prof. Gil Garburg (Graco men\u0173 universitetas, Austrija) ir PIANO SOLO prof. Sabine Simon (Berlyno men\u0173 universitetas, Vokietija).<\/p><p>Vasaros metu jos tobulinasi KLAIP\u0116DA PIANO MASTERS akademijoje, kurioje net du kartus tapo laureat\u0117mis: 2024 m. buvo pakviestos koncertuoti istorin\u0117je Braunlage klinikoje Hartco kalnuose, o 2025 m. joms buvo \u012fteiktas G. HENLE VERLAG prizas, skirtas Calebo Flicko (1985-2022) atminimui.<\/p><p>Jaunieji pianistai jau yra sukaup\u0119 didel\u0119 koncertin\u0119 patirt\u012f ir laim\u0117j\u0119 daugyb\u0119 tarptautini\u0173 konkurs\u0173 solo ir fortepijonini\u0173 duet\u0173 kategorijose (laim\u0117jo konkursus Pranc\u016bzijoje, Italijoje, Austrijoje, Vokietijoje, Kosta Rikoje, Ispanijoje, JAV, Did\u017eiojoje Britanijoje, Indonezijoje, Jungtiniuose Arab\u0173 Emyratuose, Rusijoje, Vengrijoje, \u0160veicarijoje, Belgijoje, Turkijoje, Maltoje, Serbijoje, Kroatijoje, Bosnijoje ir Hercegovinoje, Ukrainoje, Lietuvoje, Lenkijoje, Estijoje, Latvijoje ir kt.). Tarp laim\u0117jim\u0173 - 16 GRAND PRIX ir 75 pirmosios vietos fortepijono solo kategorijoje bei 12 GRAND PRIX ir 26 pirmosios vietos fortepijono duet\u0173 kategorijoje. D\u0117l t\u0117vo diplomato profesijos Kaja, Kl\u0117ja ir j\u0173 \u0161eima gyvena \u012fvairiose pasaulio \u0161alyse. Nuo 2018 m. iki karo prad\u017eios 2022 m. vasar\u012f jie beveik ketverius metus gyveno Kijeve, Ukrainoje. 2018-2022 m. jie bendradarbiavo su Ukrainos prezidento Leonido Ku\u010dmos vardo fondu, u\u017e auk\u0161tus meninius pasiekimus buvo apdovanoti Ukrainos prezidento garb\u0117s ra\u0161tais, du kartus tapo Kijevo mero Vitalijaus Kly\u010dko stipendijos laureatais. Kl\u0117j\u0105 taip pat r\u0117m\u0117 Mstislavo Rostropovi\u010diaus fondas, Vilnius (2021-2025 m.).<\/p><p>2022 m. kovo 11 d. u\u017e i\u0161skirtinius pasiekimus ir Vilniaus miesto garsinim\u0105 pasaulyje Kaja ir Kl\u0117ja Ka\u0161ubait\u0117s buvo apdovanotos Vilniaus miesto savivaldyb\u0117s Ma\u017eojo Kristoforo apdovanojimu.<\/p><p>Kaip solist\u0117s jos koncertavo su 6 simfoniniais ir kameriniais orkestrais. Dalyvavo garsiuose tarptautiniuose muzikos festivaliuose: Pa\u017eaislio festivalyje Kaune, M. K. \u010ciurlionio festivalyje Palangoje, Jaun\u0173j\u0173 atlik\u0117j\u0173 festivalyje Kauno filharmonijoje, Fortepijono festivalyje (glob\u0117ja ir meno vadov\u0117 M\u016bza Rubackyt\u0117) Nacionalin\u0117je filharmonijoje Vilniuje, \"Berlin Piano Duo\" ir \"Crescendo\" festivaliuose Berlyne, \"World Voices\" festivalyje Palangoje, \u0160v. Jurgio meno sezone Marijampol\u0117je, Klaip\u0117da Piano Masters akademijoje, koncertavo Karali\u0173 r\u016bmuose Var\u0161uvoje, Briuselio Senojoje miesto Rotu\u0161\u0117je, Mason\u0173 lo\u017e\u0117je Berlyne, Paliesiaus dvare, Berlyno filharmonijoje, Berlyno \"Konzerthaus\", Berlyno Deutsche Oper, Berlyno senojoje Raudonojoje Rotu\u0161\u0117je, Hamburgo filharmonijoje (Laeiszhalle), \"Carnegie Hall\" Niujorke, \u010cikagoje ir Majamyje. 2024 m. Lietuvos Nepriklausomyb\u0117s atk\u016brimo dienos proga LR ambasados Berlyne kvietimu sureng\u0117 koncert\u0105, skirt\u0105 oficialaus Lietuvos Ministr\u0117s Pirminink\u0117s Ingridos \u0160imonyt\u0117s vizito Vokietijoje progai, dalyvaujant politikams, diplomatams ir \u017einiasklaidos atstovams.<\/p><p>2025 m. vasar\u012f jos tapo YOUNG ARTISTS IN RESIDENCE (jaunaisiais reziduojan\u010diais menininkais) Weissenbrunno r\u016bmuose.<\/p>\t\t<\/div>\r\n\t\t\t\t\t<\/div>\n\t\t\t\t<\/div>\n\t\t\t\t\t<\/div>\n\t\t\t\t<\/div>\n\t\t<div class=\"elementor-element elementor-element-4c57c67 e-flex e-con-boxed tm-col-stretched-none tm-bg-color-over-image e-con e-parent\" data-id=\"4c57c67\" data-element_type=\"container\">\n\t\t\t\t\t<div class=\"e-con-inner\">\n\t\t\t\t<div class=\"elementor-element elementor-element-76a3dff elementor-widget elementor-widget-tm-ele-image-gallery2\" data-id=\"76a3dff\" data-element_type=\"widget\" data-widget_type=\"tm-ele-image-gallery2.default\">\n\t\t\t\t<div class=\"elementor-widget-container\">\n\t\t\t\t\t\t<div class=\"tm-sc-gallery tm-sc-gallery-masonry-tiles\">\r\n\t\t<!-- Isotope Gallery Grid -->\r\n\t\t<div id=\"gallery-holder-810638\" class=\"isotope-layout masonry masonry-tiles grid-4  lightgallery-lightbox\">\r\n\t\t\t<div class=\"isotope-layout-inner\">\r\n\t\t\t\t<div class=\"isotope-item isotope-item-sizer\"><\/div>\r\n\r\n\t\t\t\t<!-- the loop -->\r\n\t\t\t\t\t\t\t\t<!-- Isotope Item Start -->\r\n\t\t\t\t<div class=\"isotope-item\">\r\n\t\t\t\t\t<div class=\"isotope-item-inner\">\r\n\t\t\t\t\t\t<div class=\"tm-image-gallery tm-gallery-item-default\">\r\n\t<div class=\"tm-gallery-inner\">\r\n\t\t<a class=\"lightgallery-trigger\" data-exthumbimage=\"https:\/\/kasubaite.com\/wp-content\/uploads\/2025\/01\/Kaja-and-Kleja-@Patricia-HaasCarlBechsteinStiftung-2-scaled.jpg\" data-src=\"https:\/\/kasubaite.com\/wp-content\/uploads\/2025\/01\/Kaja-and-Kleja-@Patricia-HaasCarlBechsteinStiftung-2-scaled.jpg\" href=\"https:\/\/kasubaite.com\/wp-content\/uploads\/2025\/01\/Kaja-and-Kleja-@Patricia-HaasCarlBechsteinStiftung-2-scaled.jpg\"><img decoding=\"async\" class=\"thumb\" src=\" https:\/\/kasubaite.com\/wp-content\/uploads\/2025\/01\/Kaja-and-Kleja-@Patricia-HaasCarlBechsteinStiftung-2-scaled.jpg \" alt=\"\"><\/a>        \t<\/div>\r\n<\/div>\t\t\t\t\t<\/div>\r\n\t\t\t\t<\/div>\r\n\t\t\t\t<!-- Isotope Item End -->\r\n\t\t\t\t\t\t\t\t<!-- Isotope Item Start -->\r\n\t\t\t\t<div class=\"isotope-item\">\r\n\t\t\t\t\t<div class=\"isotope-item-inner\">\r\n\t\t\t\t\t\t<div class=\"tm-image-gallery tm-gallery-item-default\">\r\n\t<div class=\"tm-gallery-inner\">\r\n\t\t<a class=\"lightgallery-trigger\" data-exthumbimage=\"https:\/\/kasubaite.com\/wp-content\/uploads\/2025\/01\/JAFF7022-1-scaled.jpg\" data-src=\"https:\/\/kasubaite.com\/wp-content\/uploads\/2025\/01\/JAFF7022-1-scaled.jpg\" href=\"https:\/\/kasubaite.com\/wp-content\/uploads\/2025\/01\/JAFF7022-1-scaled.jpg\"><img decoding=\"async\" class=\"thumb\" src=\" https:\/\/kasubaite.com\/wp-content\/uploads\/2025\/01\/JAFF7022-1-scaled.jpg \" alt=\"\"><\/a>        \t<\/div>\r\n<\/div>\t\t\t\t\t<\/div>\r\n\t\t\t\t<\/div>\r\n\t\t\t\t<!-- Isotope Item End -->\r\n\t\t\t\t\t\t\t\t<!-- Isotope Item Start -->\r\n\t\t\t\t<div class=\"isotope-item\">\r\n\t\t\t\t\t<div class=\"isotope-item-inner\">\r\n\t\t\t\t\t\t<div class=\"tm-image-gallery tm-gallery-item-default\">\r\n\t<div class=\"tm-gallery-inner\">\r\n\t\t<a class=\"lightgallery-trigger\" data-exthumbimage=\"https:\/\/kasubaite.com\/wp-content\/uploads\/2025\/01\/IMG_6389-1.jpg\" data-src=\"https:\/\/kasubaite.com\/wp-content\/uploads\/2025\/01\/IMG_6389-1.jpg\" href=\"https:\/\/kasubaite.com\/wp-content\/uploads\/2025\/01\/IMG_6389-1.jpg\"><img decoding=\"async\" class=\"thumb\" src=\" https:\/\/kasubaite.com\/wp-content\/uploads\/2025\/01\/IMG_6389-1.jpg \" alt=\"\"><\/a>        \t<\/div>\r\n<\/div>\t\t\t\t\t<\/div>\r\n\t\t\t\t<\/div>\r\n\t\t\t\t<!-- Isotope Item End -->\r\n\t\t\t\t\t\t\t\t<!-- Isotope Item Start -->\r\n\t\t\t\t<div class=\"isotope-item\">\r\n\t\t\t\t\t<div class=\"isotope-item-inner\">\r\n\t\t\t\t\t\t<div class=\"tm-image-gallery tm-gallery-item-default\">\r\n\t<div class=\"tm-gallery-inner\">\r\n\t\t<a class=\"lightgallery-trigger\" data-exthumbimage=\"https:\/\/kasubaite.com\/wp-content\/uploads\/2025\/01\/IMG_1931-1.jpeg\" data-src=\"https:\/\/kasubaite.com\/wp-content\/uploads\/2025\/01\/IMG_1931-1.jpeg\" href=\"https:\/\/kasubaite.com\/wp-content\/uploads\/2025\/01\/IMG_1931-1.jpeg\"><img decoding=\"async\" class=\"thumb\" src=\" https:\/\/kasubaite.com\/wp-content\/uploads\/2025\/01\/IMG_1931-1.jpeg \" alt=\"\"><\/a>        \t<\/div>\r\n<\/div>\t\t\t\t\t<\/div>\r\n\t\t\t\t<\/div>\r\n\t\t\t\t<!-- Isotope Item End -->\r\n\t\t\t\t\t\t\t\t<!-- Isotope Item Start -->\r\n\t\t\t\t<div class=\"isotope-item\">\r\n\t\t\t\t\t<div class=\"isotope-item-inner\">\r\n\t\t\t\t\t\t<div class=\"tm-image-gallery tm-gallery-item-default\">\r\n\t<div class=\"tm-gallery-inner\">\r\n\t\t<a class=\"lightgallery-trigger\" data-exthumbimage=\"https:\/\/kasubaite.com\/wp-content\/uploads\/2025\/01\/IMG_0371-1.jpeg\" data-src=\"https:\/\/kasubaite.com\/wp-content\/uploads\/2025\/01\/IMG_0371-1.jpeg\" href=\"https:\/\/kasubaite.com\/wp-content\/uploads\/2025\/01\/IMG_0371-1.jpeg\"><img decoding=\"async\" class=\"thumb\" src=\" https:\/\/kasubaite.com\/wp-content\/uploads\/2025\/01\/IMG_0371-1.jpeg \" alt=\"\"><\/a>        \t<\/div>\r\n<\/div>\t\t\t\t\t<\/div>\r\n\t\t\t\t<\/div>\r\n\t\t\t\t<!-- Isotope Item End -->\r\n\t\t\t\t\t\t\t\t<!-- Isotope Item Start -->\r\n\t\t\t\t<div class=\"isotope-item\">\r\n\t\t\t\t\t<div class=\"isotope-item-inner\">\r\n\t\t\t\t\t\t<div class=\"tm-image-gallery tm-gallery-item-default\">\r\n\t<div class=\"tm-gallery-inner\">\r\n\t\t<a class=\"lightgallery-trigger\" data-exthumbimage=\"https:\/\/kasubaite.com\/wp-content\/uploads\/2025\/01\/2024-03-14-premjer-dalyvavo-renginyje-lietuvos-nepriklausomybs-atkrimo-dienos-proga-iaurs-reino-vestfalijos-atstovybje_53585437939_o-1.jpg\" data-src=\"https:\/\/kasubaite.com\/wp-content\/uploads\/2025\/01\/2024-03-14-premjer-dalyvavo-renginyje-lietuvos-nepriklausomybs-atkrimo-dienos-proga-iaurs-reino-vestfalijos-atstovybje_53585437939_o-1.jpg\" href=\"https:\/\/kasubaite.com\/wp-content\/uploads\/2025\/01\/2024-03-14-premjer-dalyvavo-renginyje-lietuvos-nepriklausomybs-atkrimo-dienos-proga-iaurs-reino-vestfalijos-atstovybje_53585437939_o-1.jpg\"><img decoding=\"async\" class=\"thumb\" src=\" https:\/\/kasubaite.com\/wp-content\/uploads\/2025\/01\/2024-03-14-premjer-dalyvavo-renginyje-lietuvos-nepriklausomybs-atkrimo-dienos-proga-iaurs-reino-vestfalijos-atstovybje_53585437939_o-1.jpg \" alt=\"\"><\/a>        \t<\/div>\r\n<\/div>\t\t\t\t\t<\/div>\r\n\t\t\t\t<\/div>\r\n\t\t\t\t<!-- Isotope Item End -->\r\n\t\t\t\t\t\t\t\t<!-- Isotope Item Start -->\r\n\t\t\t\t<div class=\"isotope-item\">\r\n\t\t\t\t\t<div class=\"isotope-item-inner\">\r\n\t\t\t\t\t\t<div class=\"tm-image-gallery tm-gallery-item-default\">\r\n\t<div class=\"tm-gallery-inner\">\r\n\t\t<a class=\"lightgallery-trigger\" data-exthumbimage=\"https:\/\/kasubaite.com\/wp-content\/uploads\/2025\/01\/2024-03-14-premjer-dalyvavo-renginyje-lietuvos-nepriklausomybs-atkrimo-dienos-proga-iaurs-reino-vestfalijos-atstovybje_53585337873_o-1.jpg\" data-src=\"https:\/\/kasubaite.com\/wp-content\/uploads\/2025\/01\/2024-03-14-premjer-dalyvavo-renginyje-lietuvos-nepriklausomybs-atkrimo-dienos-proga-iaurs-reino-vestfalijos-atstovybje_53585337873_o-1.jpg\" href=\"https:\/\/kasubaite.com\/wp-content\/uploads\/2025\/01\/2024-03-14-premjer-dalyvavo-renginyje-lietuvos-nepriklausomybs-atkrimo-dienos-proga-iaurs-reino-vestfalijos-atstovybje_53585337873_o-1.jpg\"><img decoding=\"async\" class=\"thumb\" src=\" https:\/\/kasubaite.com\/wp-content\/uploads\/2025\/01\/2024-03-14-premjer-dalyvavo-renginyje-lietuvos-nepriklausomybs-atkrimo-dienos-proga-iaurs-reino-vestfalijos-atstovybje_53585337873_o-1.jpg \" alt=\"\"><\/a>        \t<\/div>\r\n<\/div>\t\t\t\t\t<\/div>\r\n\t\t\t\t<\/div>\r\n\t\t\t\t<!-- Isotope Item End -->\r\n\t\t\t\t\t\t\t\t<!-- Isotope Item Start -->\r\n\t\t\t\t<div class=\"isotope-item\">\r\n\t\t\t\t\t<div class=\"isotope-item-inner\">\r\n\t\t\t\t\t\t<div class=\"tm-image-gallery tm-gallery-item-default\">\r\n\t<div class=\"tm-gallery-inner\">\r\n\t\t<a class=\"lightgallery-trigger\" data-exthumbimage=\"https:\/\/kasubaite.com\/wp-content\/uploads\/2025\/01\/IMG_5483-1.jpeg\" data-src=\"https:\/\/kasubaite.com\/wp-content\/uploads\/2025\/01\/IMG_5483-1.jpeg\" href=\"https:\/\/kasubaite.com\/wp-content\/uploads\/2025\/01\/IMG_5483-1.jpeg\"><img decoding=\"async\" class=\"thumb\" src=\" https:\/\/kasubaite.com\/wp-content\/uploads\/2025\/01\/IMG_5483-1.jpeg \" alt=\"\"><\/a>        \t<\/div>\r\n<\/div>\t\t\t\t\t<\/div>\r\n\t\t\t\t<\/div>\r\n\t\t\t\t<!-- Isotope Item End -->\r\n\t\t\t\t\t\t\t\t<!-- Isotope Item Start -->\r\n\t\t\t\t<div class=\"isotope-item\">\r\n\t\t\t\t\t<div class=\"isotope-item-inner\">\r\n\t\t\t\t\t\t<div class=\"tm-image-gallery tm-gallery-item-default\">\r\n\t<div class=\"tm-gallery-inner\">\r\n\t\t<a class=\"lightgallery-trigger\" data-exthumbimage=\"https:\/\/kasubaite.com\/wp-content\/uploads\/2025\/01\/IMG_1090-1-scaled.jpeg\" data-src=\"https:\/\/kasubaite.com\/wp-content\/uploads\/2025\/01\/IMG_1090-1-scaled.jpeg\" href=\"https:\/\/kasubaite.com\/wp-content\/uploads\/2025\/01\/IMG_1090-1-scaled.jpeg\"><img decoding=\"async\" class=\"thumb\" src=\" https:\/\/kasubaite.com\/wp-content\/uploads\/2025\/01\/IMG_1090-1-scaled.jpeg \" alt=\"\"><\/a>        \t<\/div>\r\n<\/div>\t\t\t\t\t<\/div>\r\n\t\t\t\t<\/div>\r\n\t\t\t\t<!-- Isotope Item End -->\r\n\t\t\t\t\t\t\t\t<!-- Isotope Item Start -->\r\n\t\t\t\t<div class=\"isotope-item\">\r\n\t\t\t\t\t<div class=\"isotope-item-inner\">\r\n\t\t\t\t\t\t<div class=\"tm-image-gallery tm-gallery-item-default\">\r\n\t<div class=\"tm-gallery-inner\">\r\n\t\t<a class=\"lightgallery-trigger\" data-exthumbimage=\"https:\/\/kasubaite.com\/wp-content\/uploads\/2025\/01\/DSC_4071-1-scaled.jpg\" data-src=\"https:\/\/kasubaite.com\/wp-content\/uploads\/2025\/01\/DSC_4071-1-scaled.jpg\" href=\"https:\/\/kasubaite.com\/wp-content\/uploads\/2025\/01\/DSC_4071-1-scaled.jpg\"><img decoding=\"async\" class=\"thumb\" src=\" https:\/\/kasubaite.com\/wp-content\/uploads\/2025\/01\/DSC_4071-1-scaled.jpg \" alt=\"\"><\/a>        \t<\/div>\r\n<\/div>\t\t\t\t\t<\/div>\r\n\t\t\t\t<\/div>\r\n\t\t\t\t<!-- Isotope Item End -->\r\n\t\t\t\t\t\t\t\t<!-- end of the loop -->\r\n\t\t\t<\/div>\r\n\t\t<\/div>\r\n\t\t<!-- End Isotope Gallery Grid -->\r\n\t<\/div>\r\n\t\t\t\t<\/div>\n\t\t\t\t<\/div>\n\t\t\t\t\t<\/div>\n\t\t\t\t<\/div>\n\t\t\t\t<\/div>","protected":false},"excerpt":{"rendered":"<p>Apie Kl\u0117ja &amp; Kaja Meil\u0117 muzikai - klasikinei, romantinei ir \u0161iuolaikinei. Jaunyst\u0117 ir gro\u017eis. Ne\u012fmanom\u0173 dalyk\u0173 siekimas......<\/p>","protected":false},"author":1,"featured_media":0,"parent":0,"menu_order":0,"comment_status":"closed","ping_status":"closed","template":"","meta":{"footnotes":""},"class_list":["post-10784","page","type-page","status-publish","hentry"],"_links":{"self":[{"href":"https:\/\/kasubaite.com\/lt\/wp-json\/wp\/v2\/pages\/10784","targetHints":{"allow":["GET"]}}],"collection":[{"href":"https:\/\/kasubaite.com\/lt\/wp-json\/wp\/v2\/pages"}],"about":[{"href":"https:\/\/kasubaite.com\/lt\/wp-json\/wp\/v2\/types\/page"}],"author":[{"embeddable":true,"href":"https:\/\/kasubaite.com\/lt\/wp-json\/wp\/v2\/users\/1"}],"replies":[{"embeddable":true,"href":"https:\/\/kasubaite.com\/lt\/wp-json\/wp\/v2\/comments?post=10784"}],"version-history":[{"count":69,"href":"https:\/\/kasubaite.com\/lt\/wp-json\/wp\/v2\/pages\/10784\/revisions"}],"predecessor-version":[{"id":116226,"href":"https:\/\/kasubaite.com\/lt\/wp-json\/wp\/v2\/pages\/10784\/revisions\/116226"}],"wp:attachment":[{"href":"https:\/\/kasubaite.com\/lt\/wp-json\/wp\/v2\/media?parent=10784"}],"curies":[{"name":"wp","href":"https:\/\/api.w.org\/{rel}","templated":true}]}}