{"id":106437,"date":"2025-01-06T21:40:44","date_gmt":"2025-01-06T19:40:44","guid":{"rendered":"https:\/\/dev24.kodesolution.com\/hoexr\/?page_id=106437"},"modified":"2025-10-28T16:46:02","modified_gmt":"2025-10-28T14:46:02","slug":"we-in-social-space","status":"publish","type":"page","link":"https:\/\/kasubaite.com\/lt\/we-in-social-space\/","title":{"rendered":"Mes spaudoje ir socialin\u0117je erdv\u0117je"},"content":{"rendered":"<div data-elementor-type=\"wp-page\" data-elementor-id=\"106437\" class=\"elementor elementor-106437\" data-elementor-post-type=\"page\">\n\t\t\t\t<div class=\"elementor-element elementor-element-6cf4e33 e-flex e-con-boxed tm-col-stretched-none tm-bg-color-over-image e-con e-parent\" data-id=\"6cf4e33\" data-element_type=\"container\">\n\t\t\t\t\t<div class=\"e-con-inner\">\n\t\t\t\t<div class=\"elementor-element elementor-element-42aed26 elementor-widget elementor-widget-tm-ele-service-block\" data-id=\"42aed26\" data-element_type=\"widget\" data-widget_type=\"tm-ele-service-block.skin-style9\">\n\t\t\t\t<div class=\"elementor-widget-container\">\n\t\t\t\t\t\t<div class=\"tm-sc-service tm-service-basic\">\r\n\t\t<!-- Isotope Gallery Grid -->\r\n\t\t<div id=\"service-block-holder-350437\" class=\"service-layout clearfix\">\r\n\r\n\t\t<div class=\"service-block-wrapper\">\r\n\t\t\t<!-- the loop -->\r\n\t\t\t\t\t\t\t\t\t\t\t\t<div class=\"\" data-wow-delay=\"\">\r\n\t\t\t\t<!-- Service Block Style1-->\r\n\r\n<div class=\"service-block-style9\">\r\n  <div class=\"row feature-row g-0 position-left\">\r\n    <div class=\"image-column col-lg-4\">\r\n      <div class=\"inner-column\">\r\n        <div class=\"image-box\">\r\n          <div class=\"image overlay-anim\">\r\n            \r\n\t\t\r\n<div class=\"service-featured-img\">\r\n\t<img fetchpriority=\"high\" decoding=\"async\" src=\"https:\/\/kasubaite.com\/wp-content\/uploads\/2025\/01\/IMG_0371-1.jpeg\" width=\"2109\" height=\"1447\" alt=\"\">\r\n<\/div>          <\/div>\r\n        <\/div>\r\n      <\/div>\r\n    <\/div>\r\n    <div class=\"content-column col-lg-8\" >\r\n      <div class=\"inner-column\">\r\n        <div class=\"content-box\">\r\n          <div class=\"sec-title\">\r\n            \r\n\t\t            \r\n\t\t<h4 class=\"service-title\">\r\n\t\t\t\t<a\r\n\t\t\t target=\"_blank\"\t\t\thref=\"https:\/\/www.delfi.lt\/kultura\/naujienos\/lietuves-seserys-kurioms-atsistoje-ploja-pasaulio-melomanai-mokykloje-esame-tiesiog-paprastos-mergaites-120035142\">\r\n\t\t\tLietuv\u0117s seserys, kurioms atsistoj\u0119 ploja pasaulio melomanai: mokykloje esame tiesiog paprastos mergait\u0117s\t\t<\/a>\r\n\t\t\t<\/h4>\r\n\t            <div class=\"service-details\">Tre\u010diadien\u012f Palangos kurhauze koncertuosian\u010dios ses\u0117s Kaja (15) ir Kl\u0117ja (14) Ka\u0161ubait\u0117s gyvena Berlyne, keliauja po vis\u0105 pasaul\u012f ir skina laurus tarptautiniuose pianist\u0173 konkursuose. Ta\u010diau namais diplomato Sauliaus Ka\u0161ubos ir \u017einomos pianist\u0117s R\u016btos Mikelaityt\u0117s-Ka\u0161ubien\u0117s dukros vadina Palang\u0105. Tad j\u0173 pasirodymas Tarptautinio M. K. \u010ciurlionio muzikos festivalio scenoje - \u0161vent\u0117 ne tik klausytojams, bet ir pa\u010dioms merginoms.<\/div>\r\n          <\/div>\r\n                    <div class=\"btn-view-details\">\r\n    <a\r\n       target=\"_blank\"      href=\"https:\/\/www.delfi.lt\/kultura\/naujienos\/lietuves-seserys-kurioms-atsistoje-ploja-pasaulio-melomanai-mokykloje-esame-tiesiog-paprastos-mergaites-120035142\" aria-label=\"Skaityti daugiau\"\r\n      class=\"btn btn-outline-theme-colored1 btn-outline hvr-sweep-to-right\">\r\n      Skaityti daugiau    <\/a>\r\n<\/div>                    <div class=\"icon\">\r\n            \r\n\t\t\r\n<div class=\"service-icon icon-img\">\r\n\t<img decoding=\"async\" src=\"https:\/\/kasubaite.com\/wp-content\/uploads\/2025\/01\/Delfi_logotipas.svg\" width=\"262\" height=\"93\" alt=\"\">\r\n<\/div>          <\/div>\r\n        <\/div>\r\n      <\/div>\r\n    <\/div>\r\n  <\/div>\r\n<\/div>\t\t\t<\/div>\r\n\t\t\t\t\t\t\t\t\t\t\t\t<div class=\"\" data-wow-delay=\"\">\r\n\t\t\t\t<!-- Service Block Style1-->\r\n\r\n<div class=\"service-block-style9\">\r\n  <div class=\"row feature-row g-0 position-left\">\r\n    <div class=\"image-column col-lg-4\">\r\n      <div class=\"inner-column\">\r\n        <div class=\"image-box\">\r\n          <div class=\"image overlay-anim\">\r\n            \r\n\t\t\r\n<div class=\"service-featured-img\">\r\n\t<img decoding=\"async\" src=\"https:\/\/kasubaite.com\/wp-content\/uploads\/2025\/01\/kaja-pirma-is-kaires-ir-kleja-kasubaites-60364f499f08b.jpg\" width=\"1360\" height=\"897\" alt=\"\">\r\n<\/div>          <\/div>\r\n        <\/div>\r\n      <\/div>\r\n    <\/div>\r\n    <div class=\"content-column col-lg-8\" >\r\n      <div class=\"inner-column\">\r\n        <div class=\"content-box\">\r\n          <div class=\"sec-title\">\r\n            \r\n\t\t            \r\n\t\t<h4 class=\"service-title\">\r\n\t\t\t\t<a\r\n\t\t\t target=\"_blank\"\t\t\thref=\"https:\/\/www.15min.lt\/gyvenimas\/naujiena\/namai\/talentingos-seserys-pianistes-kaja-ir-kleja-apie-tai-kur-stovi-ju-11-pianinu-ir-svajones-skambinti-su-orkestru-tukstantinei-publikai-1034-1460496\">\r\n\t\t\tTalentingos seserys pianist\u0117s Kaja ir Kl\u0117ja - apie tai, kur stovi j\u0173 11 pianin\u0173, ir svajones skambinti su orkestru t\u016bkstantinei publikai\t\t<\/a>\r\n\t\t\t<\/h4>\r\n\t            <div class=\"service-details\">Kaip pasakojo Kajos (12 m.) ir Kl\u0117jos (10 m.) Ka\u0161ubai\u010di\u0173 mama R\u016bta, viskas, kas susij\u0119 su muzika, nuo ankstyvos vaikyst\u0117s atsispind\u0117davo dukr\u0173 \u017eaidimuose: jos m\u0117go groti, dainuoti, i\u0161girst\u0105 W.A.Mozarto simfonij\u0105 puikiai atkartodavo net ir po m\u0117nesio. T\u0117vai dukroms muziki\u0173 ateities neplanavo, bet, matyt, pats likimas sud\u0117liojo. Jaunosios pianist\u0117s jau sp\u0117jo \u012fgyti did\u017eiul\u0117s koncertin\u0117s patirties ir pelnyti daugelio tarptautini\u0173 konkurs\u0173 Europoje laureat\u0173 vardus: laim\u0117jim\u0173 s\u0105ra\u0161e - 7 \"Grand Prix\" ir per 50 pirm\u0173j\u0173 viet\u0173 solo kategorijoje bei 2 \"Grand Prix\" ir 13 pirm\u0173j\u0173 viet\u0173 fortepijoninio dueto kategorijoje.<\/div>\r\n          <\/div>\r\n                    <div class=\"btn-view-details\">\r\n    <a\r\n       target=\"_blank\"      href=\"https:\/\/www.15min.lt\/gyvenimas\/naujiena\/namai\/talentingos-seserys-pianistes-kaja-ir-kleja-apie-tai-kur-stovi-ju-11-pianinu-ir-svajones-skambinti-su-orkestru-tukstantinei-publikai-1034-1460496\" aria-label=\"Skaityti daugiau\"\r\n      class=\"btn btn-outline-theme-colored1 btn-outline hvr-sweep-to-right\">\r\n      Skaityti daugiau    <\/a>\r\n<\/div>                    <div class=\"icon\">\r\n            \r\n\t\t\r\n<div class=\"service-icon icon-img\">\r\n\t<img loading=\"lazy\" decoding=\"async\" src=\"https:\/\/kasubaite.com\/wp-content\/uploads\/2025\/01\/15min_logo_green_rgb-150x150.png\" width=\"150\" height=\"150\" alt=\"\">\r\n<\/div>          <\/div>\r\n        <\/div>\r\n      <\/div>\r\n    <\/div>\r\n  <\/div>\r\n<\/div>\t\t\t<\/div>\r\n\t\t\t\t\t\t\t\t\t\t\t\t<div class=\"\" data-wow-delay=\"\">\r\n\t\t\t\t<!-- Service Block Style1-->\r\n\r\n<div class=\"service-block-style9\">\r\n  <div class=\"row feature-row g-0 position-left\">\r\n    <div class=\"image-column col-lg-4\">\r\n      <div class=\"inner-column\">\r\n        <div class=\"image-box\">\r\n          <div class=\"image overlay-anim\">\r\n            \r\n\t\t\r\n<div class=\"service-featured-img\">\r\n\t<img loading=\"lazy\" decoding=\"async\" src=\"https:\/\/kasubaite.com\/wp-content\/uploads\/2025\/01\/2024-03-14-premjer-dalyvavo-renginyje-lietuvos-nepriklausomybs-atkrimo-dienos-proga-iaurs-reino-vestfalijos-atstovybje_53585337873_o-1.jpg\" width=\"2500\" height=\"1667\" alt=\"\">\r\n<\/div>          <\/div>\r\n        <\/div>\r\n      <\/div>\r\n    <\/div>\r\n    <div class=\"content-column col-lg-8\" >\r\n      <div class=\"inner-column\">\r\n        <div class=\"content-box\">\r\n          <div class=\"sec-title\">\r\n            \r\n\t\t            \r\n\t\t<h4 class=\"service-title\">\r\n\t\t\t\t<a\r\n\t\t\t target=\"_blank\"\t\t\thref=\"https:\/\/www.facebook.com\/LRVyriausybe\/posts\/pfbid0339SNgbzaiMpxvbELcH7mh31wYfyrnRkjZmbjFRGtvddbMSmaXDiJUC3UGi2Fjz5Pl\">\r\n\t\t\tPremjer\u0117s I. \u0160imonyt\u0117s vizitas Vokietijoje.\t\t<\/a>\r\n\t\t\t<\/h4>\r\n\t            <div class=\"service-details\">Vizit\u0105 \ud83c\udde9\ud83c\uddea Vokietijoje prad\u0117jusi Ministr\u0117 Pirminink\u0117 Ingrida \u0160imonyt\u0117 dalyvavo Lietuvos Nepriklausomyb\u0117s atk\u016brimo dienai skirtame renginyje Berlyne, \u0160iaur\u0117s Reino-Vestfalijos atstovyb\u0117je.<\/div>\r\n          <\/div>\r\n                    <div class=\"btn-view-details\">\r\n    <a\r\n       target=\"_blank\"      href=\"https:\/\/www.facebook.com\/LRVyriausybe\/posts\/pfbid0339SNgbzaiMpxvbELcH7mh31wYfyrnRkjZmbjFRGtvddbMSmaXDiJUC3UGi2Fjz5Pl\" aria-label=\"Skaityti daugiau\"\r\n      class=\"btn btn-outline-theme-colored1 btn-outline hvr-sweep-to-right\">\r\n      Skaityti daugiau    <\/a>\r\n<\/div>                    <div class=\"icon\">\r\n            <div class=\"service-icon\">\r\n\t<\/div>          <\/div>\r\n        <\/div>\r\n      <\/div>\r\n    <\/div>\r\n  <\/div>\r\n<\/div>\t\t\t<\/div>\r\n\t\t\t\t\t\t\t\t\t\t\t\t<div class=\"\" data-wow-delay=\"\">\r\n\t\t\t\t<!-- Service Block Style1-->\r\n\r\n<div class=\"service-block-style9\">\r\n  <div class=\"row feature-row g-0 position-left\">\r\n    <div class=\"image-column col-lg-4\">\r\n      <div class=\"inner-column\">\r\n        <div class=\"image-box\">\r\n          <div class=\"image overlay-anim\">\r\n            \r\n\t\t\r\n<div class=\"service-featured-img\">\r\n\t<img loading=\"lazy\" decoding=\"async\" src=\"https:\/\/kasubaite.com\/wp-content\/uploads\/2025\/01\/ruta-mikelaityte-kasubiene-su-dukromis-668d25f920c32.jpg\" width=\"1600\" height=\"1115\" alt=\"\">\r\n<\/div>          <\/div>\r\n        <\/div>\r\n      <\/div>\r\n    <\/div>\r\n    <div class=\"content-column col-lg-8\" >\r\n      <div class=\"inner-column\">\r\n        <div class=\"content-box\">\r\n          <div class=\"sec-title\">\r\n            \r\n\t\t            \r\n\t\t<h4 class=\"service-title\">\r\n\t\t\t\t<a\r\n\t\t\t target=\"_blank\"\t\t\thref=\"https:\/\/www.15min.lt\/kultura\/naujiena\/muzika\/pianiste-ruta-mikelaityte-kasubiene-tarptautinese-mokyklose-skatinamas-vaiku-isskirtinumas-284-2271274\">\r\n\t\t\tPianist\u0117 R\u016bta Mikelaityt\u0117-Ka\u0161ubien\u0117: \"Tarptautin\u0117se mokyklose skatinamas vaik\u0173 i\u0161skirtinumas\"\t\t<\/a>\r\n\t\t\t<\/h4>\r\n\t            <div class=\"service-details\">Berlyne gyvenan\u010di\u0173, ta\u010diau Palang\u0105 namais vadinan\u010di\u0173 sesi\u0173 Kajos ir Kl\u0117jos mama papasakojo, kaip u\u017eaugino ne vien\u0105, o dvi pasaulinio lygio virtuozes.<\/div>\r\n          <\/div>\r\n                    <div class=\"btn-view-details\">\r\n    <a\r\n       target=\"_blank\"      href=\"https:\/\/www.15min.lt\/kultura\/naujiena\/muzika\/pianiste-ruta-mikelaityte-kasubiene-tarptautinese-mokyklose-skatinamas-vaiku-isskirtinumas-284-2271274\" aria-label=\"Skaityti daugiau\"\r\n      class=\"btn btn-outline-theme-colored1 btn-outline hvr-sweep-to-right\">\r\n      Skaityti daugiau    <\/a>\r\n<\/div>                    <div class=\"icon\">\r\n            \r\n\t\t\r\n<div class=\"service-icon icon-img\">\r\n\t<img loading=\"lazy\" decoding=\"async\" src=\"https:\/\/kasubaite.com\/wp-content\/uploads\/2025\/01\/15min_logo_green_rgb.png\" width=\"1250\" height=\"1250\" alt=\"\">\r\n<\/div>          <\/div>\r\n        <\/div>\r\n      <\/div>\r\n    <\/div>\r\n  <\/div>\r\n<\/div>\t\t\t<\/div>\r\n\t\t\t\t\t\t\t\t\t\t\t\t<div class=\"\" data-wow-delay=\"\">\r\n\t\t\t\t<!-- Service Block Style1-->\r\n\r\n<div class=\"service-block-style9\">\r\n  <div class=\"row feature-row g-0 position-left\">\r\n    <div class=\"image-column col-lg-4\">\r\n      <div class=\"inner-column\">\r\n        <div class=\"image-box\">\r\n          <div class=\"image overlay-anim\">\r\n            \r\n\t\t\r\n<div class=\"service-featured-img\">\r\n\t<img loading=\"lazy\" decoding=\"async\" src=\"https:\/\/kasubaite.com\/wp-content\/uploads\/2025\/01\/IMG_8684.jpeg\" width=\"1386\" height=\"1954\" alt=\"\">\r\n<\/div>          <\/div>\r\n        <\/div>\r\n      <\/div>\r\n    <\/div>\r\n    <div class=\"content-column col-lg-8\" >\r\n      <div class=\"inner-column\">\r\n        <div class=\"content-box\">\r\n          <div class=\"sec-title\">\r\n            \r\n\t\t            \r\n\t\t<h4 class=\"service-title\">\r\n\t\t\t\t<a\r\n\t\t\t target=\"_blank\"\t\t\thref=\"https:\/\/www.udk-berlin.de\/en\/university\/college-of-music\/institutes\/julius-stern-institute\/news\/\">\r\n\t\t\tWir gratulieren Kl\u0117ja und Kaja Ka\u0161ubait\u0117\t\t<\/a>\r\n\t\t\t<\/h4>\r\n\t            <div class=\"service-details\">Die Schwestern Kaja (15, Klavier bei Prof. Sabine Simon) und Kl\u00e9ja (14, Klavier bei Prof. Markus Groh) Ka\u0161ubait\u0117 haben beim Hamburger Instrumentalwettbewerb jeweils einen ersten Preis mit Auszeichnung in der Kategorie Klavier Solo und gemeinsam als Duo gewonnen!<\/div>\r\n          <\/div>\r\n                    <div class=\"btn-view-details\">\r\n    <a\r\n       target=\"_blank\"      href=\"https:\/\/www.udk-berlin.de\/en\/university\/college-of-music\/institutes\/julius-stern-institute\/news\/\" aria-label=\"Skaityti daugiau\"\r\n      class=\"btn btn-outline-theme-colored1 btn-outline hvr-sweep-to-right\">\r\n      Skaityti daugiau    <\/a>\r\n<\/div>                    <div class=\"icon\">\r\n            \r\n\t\t\r\n<div class=\"service-icon icon-img\">\r\n\t<img loading=\"lazy\" decoding=\"async\" src=\"https:\/\/kasubaite.com\/wp-content\/uploads\/2025\/01\/berlin.png\" width=\"301\" height=\"39\" alt=\"\">\r\n<\/div>          <\/div>\r\n        <\/div>\r\n      <\/div>\r\n    <\/div>\r\n  <\/div>\r\n<\/div>\t\t\t<\/div>\r\n\t\t\t\t\t\t<!-- end of the loop -->\r\n\t\t<\/div>\r\n\t\t\t<\/div>\r\n\t\t\t<\/div>\r\n\r\n\t\t\t\t<\/div>\n\t\t\t\t<\/div>\n\t\t\t\t\t<\/div>\n\t\t\t\t<\/div>\n\t\t\t\t<\/div>","protected":false},"excerpt":{"rendered":"<p>Lietuv\u0117s seserys, kurioms atsistoj\u0119 ploja pasaulio melomanai: mokykloje esame tiesiog paprastos mergait\u0117s Tre\u010diadien\u012f Palangos kurhauze koncertuosian\u010dios ses\u0117s Kaja (15) ir...<\/p>","protected":false},"author":1,"featured_media":0,"parent":0,"menu_order":0,"comment_status":"closed","ping_status":"closed","template":"","meta":{"footnotes":""},"class_list":["post-106437","page","type-page","status-publish","hentry"],"_links":{"self":[{"href":"https:\/\/kasubaite.com\/lt\/wp-json\/wp\/v2\/pages\/106437","targetHints":{"allow":["GET"]}}],"collection":[{"href":"https:\/\/kasubaite.com\/lt\/wp-json\/wp\/v2\/pages"}],"about":[{"href":"https:\/\/kasubaite.com\/lt\/wp-json\/wp\/v2\/types\/page"}],"author":[{"embeddable":true,"href":"https:\/\/kasubaite.com\/lt\/wp-json\/wp\/v2\/users\/1"}],"replies":[{"embeddable":true,"href":"https:\/\/kasubaite.com\/lt\/wp-json\/wp\/v2\/comments?post=106437"}],"version-history":[{"count":14,"href":"https:\/\/kasubaite.com\/lt\/wp-json\/wp\/v2\/pages\/106437\/revisions"}],"predecessor-version":[{"id":115766,"href":"https:\/\/kasubaite.com\/lt\/wp-json\/wp\/v2\/pages\/106437\/revisions\/115766"}],"wp:attachment":[{"href":"https:\/\/kasubaite.com\/lt\/wp-json\/wp\/v2\/media?parent=106437"}],"curies":[{"name":"wp","href":"https:\/\/api.w.org\/{rel}","templated":true}]}}